{"id":214,"date":"2013-12-16T09:57:42","date_gmt":"2013-12-16T09:57:42","guid":{"rendered":"http:\/\/localhost:8888\/test\/?page_id=2000"},"modified":"2020-10-07T12:09:37","modified_gmt":"2020-10-07T12:09:37","slug":"fullscreen-fashion","status":"publish","type":"page","link":"https:\/\/connection-international.eu\/spa\/","title":{"rendered":"Connection international &#8211; OFFICIAL web page"},"content":{"rendered":"\n<div class=\"slider-wrapper relative\" id=\"slider-1022762942\" >\n    <div class=\"slider slider-nav-circle slider-nav-large slider-nav-light slider-style-normal\"\n        data-flickity-options='{\n            \"cellAlign\": \"center\",\n            \"imagesLoaded\": true,\n            \"lazyLoad\": 1,\n            \"freeScroll\": false,\n            \"wrapAround\": true,\n            \"autoPlay\": 6000,\n            \"pauseAutoPlayOnHover\" : true,\n            \"prevNextButtons\": true,\n            \"contain\" : true,\n            \"adaptiveHeight\" : true,\n            \"dragThreshold\" : 10,\n            \"percentPosition\": true,\n            \"pageDots\": true,\n            \"rightToLeft\": false,\n            \"draggable\": true,\n            \"selectedAttraction\": 0.1,\n            \"parallax\" : 0,\n            \"friction\": 0.6        }'\n        >\n        \n\n\n  <div class=\"banner has-hover is-full-height\" id=\"banner-755216289\">\n          <div class=\"banner-inner fill\">\n        <div class=\"banner-bg fill\" >\n            <div class=\"bg fill bg-fill \"><\/div>\n                        <div class=\"overlay\"><\/div>            \n                    <\/div>\n        <div class=\"banner-layers container\">\n            <div class=\"fill banner-link\"><\/div>            \n\n   <div id=\"text-box-1046593659\" class=\"text-box banner-layer x50 md-x50 lg-x50 y50 md-y50 lg-y50 res-text\">\n              <div data-parallax=\"-1\" data-parallax-fade=\"true\">       <div data-animate=\"bounceIn\">           <div class=\"text box-shadow-2 dark\">\n              \n\t<div class=\"is-border\"\n\t\tstyle=\"border-width:0px 0px 0px 0px;margin:0px 0px 0px 0px;\">\n\t<\/div>\n              <div class=\"text-inner text-center\">\n                  \n\n<h2 style=\"text-align: center;\"><span style=\"font-size: 130%;\"><strong>CONNECTION <span style=\"color: #c0c0c0;\">INTERNATIONAL<\/span><\/strong><\/span><\/h2>\n<h4 style=\"text-align: center;\"><span style=\"text-decoration: underline;\">TU PUNTO DE ENTRADA PARA LAS VENTAS Y EL \u00c9XITO EN EL MERCADO LATINOAMERICANO<\/span><\/h4>\n<a href=\"https:\/\/connection-international.eu\/spa\/sales-marketing-services\/\" target=\"_self\" class=\"button white is-larger\"  style=\"border-radius:99px;\">\n    <span>business development<\/span>\n  <\/a>\n\n\n<a href=\"https:\/\/connection-international.eu\/spa\/consulting-service\/\" target=\"_self\" class=\"button white is-larger\"  style=\"border-radius:99px;\">\n    <span>CONSULTOR\u00cdA<\/span>\n  <\/a>\n\n\n<a href=\"https:\/\/connection-international.eu\/spa\/creating-ideas-and-possibilities\" target=\"_self\" class=\"button white is-larger\"  style=\"border-radius:99px;\">\n    <span>CREANDO IDEAS Y POSIBILIDADES DE NEGOCIO<\/span>\n  <\/a>\n\n\n\n              <\/div>\n           <\/div>\n       <\/div>       <\/div>              \n<style>\n#text-box-1046593659 {\n  margin: px 0px 0px 0px;\n  width: 80%;\n}\n#text-box-1046593659 .text {\n  background-color: rgba(0, 0, 0, 0.35);\n  font-size: 70%;\n}\n#text-box-1046593659 .text-inner {\n  padding: 10px 0px 10px 10px;\n}\n@media (min-width:550px) {\n  #text-box-1046593659 {\n    width: 63%;\n  }\n}\n<\/style>\n    <\/div>\n \n\n        <\/div>\n      <\/div>\n\n            \n<style>\n#banner-755216289 {\n  padding-top: 100%;\n}\n#banner-755216289 .bg.bg-loaded {\n  background-image: url(https:\/\/connection-international.eu\/spa\/wp-content\/uploads\/2020\/09\/connection-int.jpg);\n}\n#banner-755216289 .overlay {\n  background-color: rgba(0, 0, 0, 0.31);\n}\n<\/style>\n  <\/div>\n\n\n\n     <\/div>\n\n     <div class=\"loading-spin dark large centered\"><\/div>\n\n     <\/div>\n\n\n<div class=\"container section-title-container\" ><h3 class=\"section-title section-title-center\"><b><\/b><span class=\"section-title-main\" >ABOUT US<\/span><b><\/b><\/h3><\/div>\n\n<div class=\"row align-center\"  id=\"row-1724971958\">\n\n\n\t<div id=\"col-368191447\" class=\"col medium-4 small-12 large-4\"  >\n\t\t<div class=\"col-inner\"  >\n\t\t\t\n\t\t\t\n\n\t<div class=\"img has-hover x md-x lg-x y md-y lg-y\" id=\"image_707547797\">\n\t\t\t\t\t\t\t\t<div class=\"img-inner image-cover dark\" style=\"padding-top:75%;margin:px 0px 0px 0px;\">\n\t\t\t<img width=\"1020\" height=\"641\" src=\"https:\/\/connection-international.eu\/spa\/wp-content\/uploads\/2020\/09\/connection-internationa-1024x644.jpg\" class=\"attachment-large size-large\" alt=\"\" loading=\"lazy\" srcset=\"https:\/\/connection-international.eu\/spa\/wp-content\/uploads\/2020\/09\/connection-internationa-1024x644.jpg 1024w, https:\/\/connection-international.eu\/spa\/wp-content\/uploads\/2020\/09\/connection-internationa-600x378.jpg 600w, https:\/\/connection-international.eu\/spa\/wp-content\/uploads\/2020\/09\/connection-internationa-300x189.jpg 300w, https:\/\/connection-international.eu\/spa\/wp-content\/uploads\/2020\/09\/connection-internationa-768x483.jpg 768w, https:\/\/connection-international.eu\/spa\/wp-content\/uploads\/2020\/09\/connection-internationa.jpg 1200w\" sizes=\"(max-width: 1020px) 100vw, 1020px\" \/>\t\t\t\t\t\t\n\t\t\t\t\t<\/div>\n\t\t\t\t\t\t\t\t\n<style>\n#image_707547797 {\n  width: 100%;\n}\n<\/style>\n\t<\/div>\n\t\n\n\n\t\t<\/div>\n\t\t\t<\/div>\n\n\t\n\n\t<div id=\"col-489628974\" class=\"col medium-7 small-12 large-7\"  >\n\t\t<div class=\"col-inner text-center\"  >\n\t\t\t\n\t\t\t\n\n<p style=\"text-align: left;\">Nuestra compa\u00f1\u00eda, especializada en el desarrollo de negocios, conecta empresas del mercado\u00a0 Latinoamericano con la Uni\u00f3n Europea, desarrollando alianzas que generan un acercamiento efectivo, enfocado en resultados directos en las \u00e1reas de Marketing &amp; Ventas dentro del mercado iberoamericano, conformado por m\u00e1s de 600 millones de personas.<\/p>\n<p style=\"text-align: left;\">Tenemos un equipo de profesionales hispano hablantes nativos, vinculados a las \u00e1reas de investigaci\u00f3n de mercados, estrategias de marketing, marketing digital y comunicaciones; quienes cuentan con gran experiencia en ventas y marketing dentro del mercado iberoamericano, adem\u00e1s del conocimiento cultural y caracter\u00edsticas de los distintos perfiles de consumidores latinoamericanos.<\/p>\n<p style=\"text-align: left;\">Brindamos adem\u00e1s servicios de consultor\u00eda financiera para empresas que desarrollan negocios en territorio esloveno y de la Uni\u00f3n Europea, as\u00ed como asesor\u00eda para inversionistas que desean crear nuevas empresas en Eslovenia.<\/p>\n<p style=\"text-align: left;\">Nuestros servicios son altamente profesionales, personalizados y confidenciales.<\/p>\n<p style=\"text-align: left;\">En Connection International, su \u00e9xito es nuestra meta.<\/p>\n<a href=\"https:\/\/connection-international.eu\/spa\/team-member\/\" target=\"_self\" class=\"button primary is-outline is-small\"  style=\"border-radius:99px;\">\n    <span>TEAM<\/span>\n  <\/a>\n\n\n<a href=\"https:\/\/connection-international.eu\/spa\/consulting-services\/\" target=\"_self\" class=\"button primary is-small\"  style=\"border-radius:99px;\">\n    <span>OUR SERVICES<\/span>\n  <\/a>\n\n\n\n\t\t<\/div>\n\t\t\n<style>\n#col-489628974 > .col-inner {\n  padding: 40px 0px 0px 0px;\n}\n<\/style>\n\t<\/div>\n\n\t\n\n<\/div>\n\n  <div class=\"banner has-hover\" id=\"banner-2061683159\">\n          <div class=\"banner-inner fill\">\n        <div class=\"banner-bg fill\" >\n            <div class=\"bg fill bg-fill \"><\/div>\n                                    \n                    <\/div>\n        <div class=\"banner-layers container\">\n            <div class=\"fill banner-link\"><\/div>            \n\n   <div id=\"text-box-916890246\" class=\"text-box banner-layer x50 md-x50 lg-x50 y50 md-y50 lg-y50 res-text\">\n                     <div data-animate=\"fadeInRight\">           <div class=\"text dark\">\n              \n              <div class=\"text-inner text-center\">\n                  \n\n<h3 class=\"uppercase\"><strong>QU\u00c9 PODEMOS HACER POR USTED<\/strong><\/h3>\n<p>Para nuestros invaluables clientes, ofrecemos:<\/p>\n<p>Equipo de ventas y marketing para el mercado iberoamericano<\/p>\n<p>B\u00fasqueda de clientes potenciales y consumidores finales para diferentes industrias<\/p>\n<p>Revisi\u00f3n y consultor\u00eda de materiales de uso marketero en el idioma espa\u00f1ol.<\/p>\n<p>La forma m\u00e1s eficiente, efectiva y rentable para penetrar en el mercado iberoamericano.<\/p>\n\n              <\/div>\n           <\/div>\n       <\/div>                     \n<style>\n#text-box-916890246 {\n  width: 79%;\n}\n#text-box-916890246 .text {\n  font-size: 158%;\n}\n@media (min-width:550px) {\n  #text-box-916890246 {\n    width: 61%;\n  }\n  #text-box-916890246 .text {\n    font-size: 100%;\n  }\n}\n<\/style>\n    <\/div>\n \n\n        <\/div>\n      <\/div>\n\n            \n<style>\n#banner-2061683159 {\n  padding-top: 426px;\n  background-color: rgba(0, 0, 0, 0.83);\n}\n<\/style>\n  <\/div>\n\n\n\n","protected":false},"excerpt":{"rendered":"","protected":false},"author":1,"featured_media":25,"parent":0,"menu_order":5,"comment_status":"closed","ping_status":"closed","template":"page-transparent-header-light.php","meta":[],"_links":{"self":[{"href":"https:\/\/connection-international.eu\/spa\/wp-json\/wp\/v2\/pages\/214"}],"collection":[{"href":"https:\/\/connection-international.eu\/spa\/wp-json\/wp\/v2\/pages"}],"about":[{"href":"https:\/\/connection-international.eu\/spa\/wp-json\/wp\/v2\/types\/page"}],"author":[{"embeddable":true,"href":"https:\/\/connection-international.eu\/spa\/wp-json\/wp\/v2\/users\/1"}],"replies":[{"embeddable":true,"href":"https:\/\/connection-international.eu\/spa\/wp-json\/wp\/v2\/comments?post=214"}],"version-history":[{"count":65,"href":"https:\/\/connection-international.eu\/spa\/wp-json\/wp\/v2\/pages\/214\/revisions"}],"predecessor-version":[{"id":645,"href":"https:\/\/connection-international.eu\/spa\/wp-json\/wp\/v2\/pages\/214\/revisions\/645"}],"wp:featuredmedia":[{"embeddable":true,"href":"https:\/\/connection-international.eu\/spa\/wp-json\/wp\/v2\/media\/25"}],"wp:attachment":[{"href":"https:\/\/connection-international.eu\/spa\/wp-json\/wp\/v2\/media?parent=214"}],"curies":[{"name":"wp","href":"https:\/\/api.w.org\/{rel}","templated":true}]}}