{"id":581,"date":"2020-09-22T10:41:23","date_gmt":"2020-09-22T10:41:23","guid":{"rendered":"https:\/\/connection-international.eu\/spa\/?page_id=581"},"modified":"2020-10-07T12:05:35","modified_gmt":"2020-10-07T12:05:35","slug":"creating-ideas-and-possibilities","status":"publish","type":"page","link":"https:\/\/connection-international.eu\/spa\/creating-ideas-and-possibilities\/","title":{"rendered":"Creating ideas and possibilities"},"content":{"rendered":"\n\t<section class=\"section\" id=\"section_999676806\">\n\t\t<div class=\"bg section-bg fill bg-fill  bg-loaded\" >\n\n\t\t\t\n\t\t\t\n\t\t\t\n\t<div class=\"is-border\"\n\t\tstyle=\"border-color:rgb(235, 235, 235);border-width:1px 0px 0px 0px;\">\n\t<\/div>\n\n\t\t<\/div>\n\n\t\t<div class=\"section-content relative\">\n\t\t\t\n\n<h1><span class=\"fancy-underline\"><span style=\"color: #c0c0c0;\">CREANDO IDEAS Y POSIBILIDADES DE NEGOCIO<\/span><\/span><\/h1>\n\t<div id=\"gap-1882351790\" class=\"gap-element clearfix\" style=\"display:block; height:auto;\">\n\t\t\n<style>\n#gap-1882351790 {\n  padding-top: 40px;\n}\n<\/style>\n\t<\/div>\n\t\n\n<div class=\"row row-large align-middle align-center\"  id=\"row-489680876\">\n\n\n\t<div id=\"col-1599899677\" class=\"col medium-6 small-10 large-6\"  >\n\t\t<div class=\"col-inner text-left dark\"  >\n\t\t\t\n\t\t\t\n\n<p>El mercado hispanohablante, conformado por m\u00e1s de 500 millones de personas, es un mercado de r\u00e1pida expansi\u00f3n para diferentes sectores empresariales, desde empresas industriales productoras de maquinarias, pasando por las empresas que ofrecen servicios de alta tecnolog\u00eda inform\u00e1tica, hasta los negocios que comercializan productos de consumo masivo.<br \/>Iberoam\u00e9rica es sin duda el siguiente paso obligatorio para toda empresa que quiera consolidar su presencia en el mercado mundial.<br \/>Nuestro equipo de trabajo ofrece un profundo conocimiento del mercado de cada pa\u00eds latinoamericano, con la inclusi\u00f3n de Brasil -el gran gigante econ\u00f3mico- Sur Am\u00e9rica tiene una poblaci\u00f3n mayor a los 650 millones de habitantes, convirti\u00e9ndose en un mercado complejo, lleno de culturas diferentes pero extremadamente prometedor para el crecimiento de cualquier negocio<br \/>competitivo.<\/p>\n\t<div id=\"gap-1116188980\" class=\"gap-element clearfix\" style=\"display:block; height:auto;\">\n\t\t\n<style>\n#gap-1116188980 {\n  padding-top: 30px;\n}\n<\/style>\n\t<\/div>\n\t\n\n\n\t\t<\/div>\n\t\t\t<\/div>\n\n\t\n\n\t<div id=\"col-1578085891\" class=\"col medium-6 small-10 large-6\"  >\n\t\t<div class=\"col-inner text-center dark\"  >\n\t\t\t\n\t\t\t\n\n\t<div id=\"gap-1468592369\" class=\"gap-element clearfix\" style=\"display:block; height:auto;\">\n\t\t\n<style>\n#gap-1468592369 {\n  padding-top: 7px;\n}\n<\/style>\n\t<\/div>\n\t\n\n<p style=\"text-align: left;\">La manera m\u00e1s f\u00e1cil y rentable para aprovechar las oportunidades de negocios que iberoam\u00e9rica ofrece es a trav\u00e9s de nuestro equipo, creado por profesionales hispano hablantes nativos, formados con la mejor educaci\u00f3n y extensa experiencia en diversas industrias.<br \/>Como en la mayor\u00eda de los mercados en desarrollo, en Sur Am\u00e9rica hay una necesidad substancial de productos de alta calidad que ofrecen un excelente valor por el costo &#8211; beneficio.<br \/>Ya que la distancia geogr\u00e1fica y las diferencias idiom\u00e1ticas pueden significar grandes obst\u00e1culos para la expansi\u00f3n del vol\u00famen de ventas, con nuestra asistencia estos problemas son gestionables.<br \/>La idea central de nuestro trabajo es crear oportunidades para compradores y vendedores, superando las barreras relacionadas al lenguaje y la distancia.<\/p>\n<p style=\"text-align: left;\">Si est\u00e1 pensando en expandir sus negocios hacia y desde Sur Am\u00e9rica, pero no sabe c\u00f3mo empezar, lo invitamos a consultar con nuestro equipo de profesionales, listos para trabajar por usted. En Connection International nuestra meta es su \u00e9xito.<\/p>\n\n\t\t<\/div>\n\t\t\t<\/div>\n\n\t\n\n<\/div>\n\n\t\t<\/div>\n\n\t\t\n<style>\n#section_999676806 {\n  padding-top: 59px;\n  padding-bottom: 59px;\n  min-height: 300px;\n  background-color: rgb(28, 28, 28);\n}\n<\/style>\n\t<\/section>\n\t\n\n","protected":false},"excerpt":{"rendered":"","protected":false},"author":1,"featured_media":0,"parent":0,"menu_order":0,"comment_status":"closed","ping_status":"closed","template":"","meta":[],"_links":{"self":[{"href":"https:\/\/connection-international.eu\/spa\/wp-json\/wp\/v2\/pages\/581"}],"collection":[{"href":"https:\/\/connection-international.eu\/spa\/wp-json\/wp\/v2\/pages"}],"about":[{"href":"https:\/\/connection-international.eu\/spa\/wp-json\/wp\/v2\/types\/page"}],"author":[{"embeddable":true,"href":"https:\/\/connection-international.eu\/spa\/wp-json\/wp\/v2\/users\/1"}],"replies":[{"embeddable":true,"href":"https:\/\/connection-international.eu\/spa\/wp-json\/wp\/v2\/comments?post=581"}],"version-history":[{"count":23,"href":"https:\/\/connection-international.eu\/spa\/wp-json\/wp\/v2\/pages\/581\/revisions"}],"predecessor-version":[{"id":643,"href":"https:\/\/connection-international.eu\/spa\/wp-json\/wp\/v2\/pages\/581\/revisions\/643"}],"wp:attachment":[{"href":"https:\/\/connection-international.eu\/spa\/wp-json\/wp\/v2\/media?parent=581"}],"curies":[{"name":"wp","href":"https:\/\/api.w.org\/{rel}","templated":true}]}}